{"id":30026,"date":"2023-08-14T18:17:31","date_gmt":"2023-08-14T18:17:31","guid":{"rendered":"https:\/\/odourlock.com\/risikorechner\/"},"modified":"2024-06-27T20:29:58","modified_gmt":"2024-06-27T20:29:58","slug":"risikorechner","status":"publish","type":"page","link":"https:\/\/odourlock.com\/de\/risikorechner\/","title":{"rendered":"Risikorechner"},"content":{"rendered":"\t\t<div data-elementor-type=\"wp-page\" data-elementor-id=\"30026\" class=\"elementor elementor-30026 elementor-8253\" data-elementor-post-type=\"page\">\n\t\t\t\t\t\t<section class=\"elementor-section elementor-top-section elementor-element elementor-element-c92c377 faq_header elementor-section-boxed elementor-section-height-default elementor-section-height-default\" data-id=\"c92c377\" data-element_type=\"section\" data-settings=\"{&quot;background_background&quot;:&quot;classic&quot;}\">\n\t\t\t\t\t\t<div class=\"elementor-container elementor-column-gap-default\">\n\t\t\t\t\t<div class=\"elementor-column elementor-col-100 elementor-top-column elementor-element elementor-element-032a950\" data-id=\"032a950\" data-element_type=\"column\">\n\t\t\t<div class=\"elementor-widget-wrap elementor-element-populated\">\n\t\t\t\t\t\t<div class=\"elementor-element elementor-element-9cc188a slider_title elementor-widget elementor-widget-text-editor\" data-id=\"9cc188a\" data-element_type=\"widget\" data-widget_type=\"text-editor.default\">\n\t\t\t\t<div class=\"elementor-widget-container\">\n\t\t\t\t\t\t\t\t\t<h1>Risiko-<br \/>rechner<\/h1>\n\t\t\t\t\t\t\t\t<\/div>\n\t\t\t\t<\/div>\n\t\t\t\t\t<\/div>\n\t\t<\/div>\n\t\t\t\t\t<\/div>\n\t\t<\/section>\n\t\t<div class=\"elementor-element elementor-element-63f79c6 e-con-full e-flex e-con e-parent\" data-id=\"63f79c6\" data-element_type=\"container\" id=\"widget-container1\">\n\t\t\t\t<div class=\"elementor-element elementor-element-3235655 elementor-widget__width-initial elementor-widget-tablet__width-inherit elementor-widget elementor-widget-html\" data-id=\"3235655\" data-element_type=\"widget\" id=\"widget-container2\" data-widget_type=\"html.default\">\n\t\t\t\t<div class=\"elementor-widget-container\">\n\t\t\t\t\t<!-- `data-locale` can be \"fr\" or \"en\" -->\n    <div id=\"blucare-calculator\" data-locale=\"en\"><\/div>\n    \n    <script src=\"https:\/\/blucare-calc.vercel.app\/widget\/index.js\"><\/script>\n    <link href=\"https:\/\/blucare-calc.vercel.app\/widget\/index.css\" rel=\"stylesheet\" \/>\n    \t\t\t\t<\/div>\n\t\t\t\t<\/div>\n\t\t\t\t<\/div>\n\t\t<div class=\"elementor-element elementor-element-65d1758 e-flex e-con-boxed e-con e-parent\" data-id=\"65d1758\" data-element_type=\"container\">\n\t\t\t\t\t<div class=\"e-con-inner\">\n\t\t\t\t\t<\/div>\n\t\t\t\t<\/div>\n\t\t<div class=\"elementor-element elementor-element-d78f0ba e-con-full e-flex e-con e-parent\" data-id=\"d78f0ba\" data-element_type=\"container\">\n\t\t\t\t<div class=\"elementor-element elementor-element-d1bd242 elementor-widget elementor-widget-template\" data-id=\"d1bd242\" data-element_type=\"widget\" data-widget_type=\"template.default\">\n\t\t\t\t<div class=\"elementor-widget-container\">\n\t\t\t\t\t\t\t<div class=\"elementor-template\">\n\t\t\t\t\t<div data-elementor-type=\"section\" data-elementor-id=\"30536\" class=\"elementor elementor-30536 elementor-2162\" data-elementor-post-type=\"elementor_library\">\n\t\t\t\t\t<section class=\"elementor-section elementor-top-section elementor-element elementor-element-3fd3db49 elementor-section-boxed elementor-section-height-default elementor-section-height-default\" data-id=\"3fd3db49\" data-element_type=\"section\" data-settings=\"{&quot;background_background&quot;:&quot;classic&quot;}\">\n\t\t\t\t\t\t<div class=\"elementor-container elementor-column-gap-default\">\n\t\t\t\t\t<div class=\"elementor-column elementor-col-100 elementor-top-column elementor-element elementor-element-6909e438\" data-id=\"6909e438\" data-element_type=\"column\">\n\t\t\t<div class=\"elementor-widget-wrap elementor-element-populated\">\n\t\t\t\t\t\t<div class=\"elementor-element elementor-element-4836a1b5 hp_blog_header elementor-widget elementor-widget-text-editor\" data-id=\"4836a1b5\" data-element_type=\"widget\" data-widget_type=\"text-editor.default\">\n\t\t\t\t<div class=\"elementor-widget-container\">\n\t\t\t\t\t\t\t\t\t<h1>Alles \u00fcber Katzen<\/h1>\n\t\t\t\t\t\t\t\t<\/div>\n\t\t\t\t<\/div>\n\t\t\t\t<div class=\"elementor-element elementor-element-cd3693a elementor-widget elementor-widget-spacer\" data-id=\"cd3693a\" data-element_type=\"widget\" data-widget_type=\"spacer.default\">\n\t\t\t\t<div class=\"elementor-widget-container\">\n\t\t\t\t\t\t\t<div class=\"elementor-spacer\">\n\t\t\t<div class=\"elementor-spacer-inner\"><\/div>\n\t\t<\/div>\n\t\t\t\t\t\t<\/div>\n\t\t\t\t<\/div>\n\t\t\t\t<div class=\"elementor-element elementor-element-128c8c15 hp_blog_grid elementor-widget elementor-widget-el_blogmod_module\" data-id=\"128c8c15\" data-element_type=\"widget\" data-widget_type=\"el_blogmod_module.default\">\n\t\t\t\t<div class=\"elementor-widget-container\">\n\t\t\t\t\t<div class=\"dfd-module-wrapper dfd-elementor-widget\"><div class=\"dfd-blog-loop dfd-blog-posts-module  default dfd-blog-module-69d869ce0202d default\" id=\"dfd-blog-module-69d869ce0202d\">\r\n\t<div class=\"dfd-blog-wrap\">\r\n\t\t\t\t<div class=\"dfd-blog dfd-blog-fitRows dfd-new-isotope\"  data-columns=\"3\" data-layout-style=\"fitRows\" data-item=\"post\">\r\n\t\t\t\t\t\t<div class=\"post-30561 post type-post status-publish format-standard has-post-thumbnail hentry category-katzenstreu post text-left\" >\r\n\t\t\t\t\t<div class=\"cover\">\r\n\t\t\t\t\t\t\t\t\t\t\t\t\t<div class=\"entry-media \">\r\n\t\t\t\t\t\t\t\t<div class=\"entry-thumb\">\r\n                                    <a href=\"https:\/\/odourlock.com\/de\/kann-ich-katzenstreu-in-der-toilette-hinunterspuelen\/\"><img decoding=\"async\" src=\"https:\/\/odourlock.com\/wp-content\/uploads\/2023\/10\/Blogue-litiere-aux-toilettes-2000-x-800-px-900x600.png\" alt=\"Kann ich Katzenstreu in der Toilette hinuntersp\u00fclen?\"\/><\/a>\r\n\t\t\t\t\t\t\t\t\t\r\n\t\t\t\t\t\t\t\t<\/div>\r\n\t\t\t\t\t\t\t\t<div class=\"dfd-blog-heading-wrap\"><div class=\"dfd-news-categories\">        <span class=\"category\">\r\n            <a href=\"https:\/\/odourlock.com\/de\/category\/katzenstreu\/\" class=\"fn\">\r\n                <span class=\"cat-name\">Katzenstreu<\/span>\r\n            <\/a>        <\/span>\r\n                        <\/div><div class=\"dfd-blog-title widget-title\"><a href=\"https:\/\/odourlock.com\/de\/kann-ich-katzenstreu-in-der-toilette-hinunterspuelen\/\" title=\"Kann ich Katzenstreu in der Toilette hinuntersp\u00fclen?\">Kann ich Katzenstreu in der Toilette hinuntersp\u00fclen?<\/a><\/div><\/div>\t\t\t\t\t\t\t<\/div>\r\n\t\t\t\t\t\t\t<div class=\"entry-content text-left\"><p>Beim Kauf von Katzenstreu sto\u00dfen Sie m\u00f6glicherweise auf Streu, von der behauptet wird, man k\u00f6nne sie einfach in der Toilette entsorgen. Dieses Konzept mag zwar verlockend klingen, aber die Realit\u00e4t<\/p><\/div>\t\t\t\t\t\t\t\t<div class=\"dfd-read-share clearfix\">\r\n\t\t\t\t\t\t\t\t\t\t\t\t\t\t\t\t\t\t\t<div class=\"read-more-wrap\">\r\n\t\t\t\t\t\t\t\t\t\t\t<a href=\"https:\/\/odourlock.com\/de\/kann-ich-katzenstreu-in-der-toilette-hinunterspuelen\/\" class=\"more-button ezstyle\" title=\"Read more\" data-lang=\"en\">Read more <i class=\"fa fa-chevron-right\"><\/i><\/a>\r\n\t\t\t\t\t\t\t\t\t\t<\/div>\r\n\t\t\t\t\t\t\t\t\t\t\t\t\t\t\t\t\t\t\t\t\t\t\t\t\t\t<\/div>\r\n\t\t\t\t\t\t\t\t\t\t\t\t\t\t\t\t\t\t<\/div>\r\n\t\t\t\t<\/div>\r\n\t\t\t\t\t\t\t\t<div class=\"post-30560 post type-post status-publish format-standard has-post-thumbnail hentry category-katzengesundheit post text-left\" >\r\n\t\t\t\t\t<div class=\"cover\">\r\n\t\t\t\t\t\t\t\t\t\t\t\t\t<div class=\"entry-media \">\r\n\t\t\t\t\t\t\t\t<div class=\"entry-thumb\">\r\n                                    <a href=\"https:\/\/odourlock.com\/de\/risikofaktoren-fuer-harnwegserkrankungen-und-diabetes\/\"><img decoding=\"async\" src=\"https:\/\/odourlock.com\/wp-content\/uploads\/2023\/05\/facteurs-de-risque-du-diabete-felin-900x600.jpg\" alt=\"Risikofaktoren f\u00fcr Harnwegserkrankungen und Diabetes\"\/><\/a>\r\n\t\t\t\t\t\t\t\t\t\r\n\t\t\t\t\t\t\t\t<\/div>\r\n\t\t\t\t\t\t\t\t<div class=\"dfd-blog-heading-wrap\"><div class=\"dfd-news-categories\">        <span class=\"category\">\r\n            <a href=\"https:\/\/odourlock.com\/de\/category\/katzengesundheit\/\" class=\"fn\">\r\n                <span class=\"cat-name\">Katzengesundheit<\/span>\r\n            <\/a>        <\/span>\r\n                        <\/div><div class=\"dfd-blog-title widget-title\"><a href=\"https:\/\/odourlock.com\/de\/risikofaktoren-fuer-harnwegserkrankungen-und-diabetes\/\" title=\"Risikofaktoren f\u00fcr Harnwegserkrankungen und Diabetes\">Risikofaktoren f\u00fcr Harnwegserkrankungen und Diabetes<\/a><\/div><\/div>\t\t\t\t\t\t\t<\/div>\r\n\t\t\t\t\t\t\t<div class=\"entry-content text-left\"><p>Risikofaktoren sind Merkmale, deren Vorhandensein die Wahrscheinlichkeit erh\u00f6ht, dass ein Mensch \u2013 oder ein Tier \u2013 bestimmte Erkrankungen entwickelt. \u00c4hnlich wie beim Menschen wird auch bei Katzen mit bestimmten Risikofaktoren<\/p><\/div>\t\t\t\t\t\t\t\t<div class=\"dfd-read-share clearfix\">\r\n\t\t\t\t\t\t\t\t\t\t\t\t\t\t\t\t\t\t\t<div class=\"read-more-wrap\">\r\n\t\t\t\t\t\t\t\t\t\t\t<a href=\"https:\/\/odourlock.com\/de\/risikofaktoren-fuer-harnwegserkrankungen-und-diabetes\/\" class=\"more-button ezstyle\" title=\"Read more\" data-lang=\"en\">Read more <i class=\"fa fa-chevron-right\"><\/i><\/a>\r\n\t\t\t\t\t\t\t\t\t\t<\/div>\r\n\t\t\t\t\t\t\t\t\t\t\t\t\t\t\t\t\t\t\t\t\t\t\t\t\t\t<\/div>\r\n\t\t\t\t\t\t\t\t\t\t\t\t\t\t\t\t\t\t<\/div>\r\n\t\t\t\t<\/div>\r\n\t\t\t\t\t\t\t\t<div class=\"post-30559 post type-post status-publish format-standard has-post-thumbnail hentry category-katzengesundheit post text-left\" >\r\n\t\t\t\t\t<div class=\"cover\">\r\n\t\t\t\t\t\t\t\t\t\t\t\t\t<div class=\"entry-media \">\r\n\t\t\t\t\t\t\t\t<div class=\"entry-thumb\">\r\n                                    <a href=\"https:\/\/odourlock.com\/de\/diabetes-bei-katzen\/\"><img decoding=\"async\" src=\"https:\/\/odourlock.com\/wp-content\/uploads\/2023\/05\/Sante-feline-Le-Diabete-felin-900x600.jpg\" alt=\"Diabetes bei Katzen\"\/><\/a>\r\n\t\t\t\t\t\t\t\t\t\r\n\t\t\t\t\t\t\t\t<\/div>\r\n\t\t\t\t\t\t\t\t<div class=\"dfd-blog-heading-wrap\"><div class=\"dfd-news-categories\">        <span class=\"category\">\r\n            <a href=\"https:\/\/odourlock.com\/de\/category\/katzengesundheit\/\" class=\"fn\">\r\n                <span class=\"cat-name\">Katzengesundheit<\/span>\r\n            <\/a>        <\/span>\r\n                        <\/div><div class=\"dfd-blog-title widget-title\"><a href=\"https:\/\/odourlock.com\/de\/diabetes-bei-katzen\/\" title=\"Diabetes bei Katzen\">Diabetes bei Katzen<\/a><\/div><\/div>\t\t\t\t\t\t\t<\/div>\r\n\t\t\t\t\t\t\t<div class=\"entry-content text-left\"><p>Diabetes ist eine immer h\u00e4ufiger auftretende Erkrankung bei Katzen, und das nicht ohne Grund: Mit der Zunahme von Fettleibigkeit unter unseren Haustieren, in Kombination mit einem bewegungsarmen Lebensstil, entwickeln sie<\/p><\/div>\t\t\t\t\t\t\t\t<div class=\"dfd-read-share clearfix\">\r\n\t\t\t\t\t\t\t\t\t\t\t\t\t\t\t\t\t\t\t<div class=\"read-more-wrap\">\r\n\t\t\t\t\t\t\t\t\t\t\t<a href=\"https:\/\/odourlock.com\/de\/diabetes-bei-katzen\/\" class=\"more-button ezstyle\" title=\"Read more\" data-lang=\"en\">Read more <i class=\"fa fa-chevron-right\"><\/i><\/a>\r\n\t\t\t\t\t\t\t\t\t\t<\/div>\r\n\t\t\t\t\t\t\t\t\t\t\t\t\t\t\t\t\t\t\t\t\t\t\t\t\t\t<\/div>\r\n\t\t\t\t\t\t\t\t\t\t\t\t\t\t\t\t\t\t<\/div>\r\n\t\t\t\t<\/div>\r\n\t\t\t\t\t\t<\/div>\r\n\t<\/div>\r\n<\/div><script type=\"text\/javascript\">\r\n\t\t\t\t\t\t\t\t(function($) {$(\"head\").append(\"<style>#dfd-blog-module-69d869ce0202d .dfd-read-share, #dfd-blog-module-69d869ce0202d.dfd-blog-loop.simple .post .cover {border-style: none;}#dfd-blog-module-69d869ce0202d .dfd-blog {margin: -10px;}#dfd-blog-module-69d869ce0202d .dfd-blog .cover {padding: 10px;}<\/style>\");if(typeof jQuery.fn.initTaxonomyIsotope !== \"undefined\") {\r\n\t\t\t\t\t\tjQuery(\"#dfd-blog-module-69d869ce0202d .dfd-new-isotope\").initTaxonomyIsotope();\r\n\t\t\t\t\t}})(jQuery);\r\n\t\t\t\t\t\t\t<\/script><\/div>\t\t\t\t<\/div>\n\t\t\t\t<\/div>\n\t\t\t\t\t<\/div>\n\t\t<\/div>\n\t\t\t\t\t<\/div>\n\t\t<\/section>\n\t\t\t\t<\/div>\n\t\t\t\t<\/div>\n\t\t\t\t\t\t<\/div>\n\t\t\t\t<\/div>\n\t\t\t\t<\/div>\n\t\t\t\t<\/div>\n\t\t","protected":false},"excerpt":{"rendered":"<p>Risiko-rechner<\/p>\n","protected":false},"author":1,"featured_media":0,"parent":0,"menu_order":0,"comment_status":"closed","ping_status":"closed","template":"page-custom.php","meta":{"_acf_changed":false,"inline_featured_image":false,"footnotes":""},"class_list":["post-30026","page","type-page","status-publish","hentry"],"acf":[],"yoast_head":"<!-- This site is optimized with the Yoast SEO plugin v24.5 - https:\/\/yoast.com\/wordpress\/plugins\/seo\/ -->\n<title>Risikorechner | Odourlock<\/title>\n<meta name=\"robots\" content=\"index, follow, max-snippet:-1, max-image-preview:large, max-video-preview:-1\" \/>\n<link rel=\"canonical\" href=\"https:\/\/odourlock.com\/de\/risikorechner\/\" \/>\n<meta property=\"og:locale\" content=\"de_DE\" \/>\n<meta property=\"og:type\" content=\"article\" \/>\n<meta property=\"og:title\" content=\"Risikorechner | Odourlock\" \/>\n<meta property=\"og:description\" content=\"Risiko-rechner\" \/>\n<meta property=\"og:url\" content=\"https:\/\/odourlock.com\/de\/risikorechner\/\" \/>\n<meta property=\"og:site_name\" content=\"Odourlock\" \/>\n<meta property=\"article:publisher\" content=\"https:\/\/www.facebook.com\/odourlocklitter\" \/>\n<meta property=\"article:modified_time\" content=\"2024-06-27T20:29:58+00:00\" \/>\n<meta name=\"twitter:card\" content=\"summary_large_image\" \/>\n<script type=\"application\/ld+json\" class=\"yoast-schema-graph\">{\"@context\":\"https:\/\/schema.org\",\"@graph\":[{\"@type\":\"WebPage\",\"@id\":\"https:\/\/odourlock.com\/de\/risikorechner\/\",\"url\":\"https:\/\/odourlock.com\/de\/risikorechner\/\",\"name\":\"Risikorechner | Odourlock\",\"isPartOf\":{\"@id\":\"https:\/\/odourlock.com\/de\/en-us\/#website\"},\"datePublished\":\"2023-08-14T18:17:31+00:00\",\"dateModified\":\"2024-06-27T20:29:58+00:00\",\"breadcrumb\":{\"@id\":\"https:\/\/odourlock.com\/de\/risikorechner\/#breadcrumb\"},\"inLanguage\":\"de\",\"potentialAction\":[{\"@type\":\"ReadAction\",\"target\":[\"https:\/\/odourlock.com\/de\/risikorechner\/\"]}]},{\"@type\":\"BreadcrumbList\",\"@id\":\"https:\/\/odourlock.com\/de\/risikorechner\/#breadcrumb\",\"itemListElement\":[{\"@type\":\"ListItem\",\"position\":1,\"name\":\"Home\",\"item\":\"https:\/\/odourlock.com\/de\/\"},{\"@type\":\"ListItem\",\"position\":2,\"name\":\"Risikorechner\"}]},{\"@type\":\"WebSite\",\"@id\":\"https:\/\/odourlock.com\/de\/en-us\/#website\",\"url\":\"https:\/\/odourlock.com\/de\/en-us\/\",\"name\":\"Odourlock\",\"description\":\"OdourLock litter is made of a 100% pure natural clay, sodium bentonite. This mineral essential to our exclusive formula comes directly from Wyoming mines.\",\"publisher\":{\"@id\":\"https:\/\/odourlock.com\/de\/en-us\/#organization\"},\"potentialAction\":[{\"@type\":\"SearchAction\",\"target\":{\"@type\":\"EntryPoint\",\"urlTemplate\":\"https:\/\/odourlock.com\/de\/en-us\/?s={search_term_string}\"},\"query-input\":{\"@type\":\"PropertyValueSpecification\",\"valueRequired\":true,\"valueName\":\"search_term_string\"}}],\"inLanguage\":\"de\"},{\"@type\":\"Organization\",\"@id\":\"https:\/\/odourlock.com\/de\/en-us\/#organization\",\"name\":\"Odourlock\",\"url\":\"https:\/\/odourlock.com\/de\/en-us\/\",\"logo\":{\"@type\":\"ImageObject\",\"inLanguage\":\"de\",\"@id\":\"https:\/\/odourlock.com\/de\/en-us\/#\/schema\/logo\/image\/\",\"url\":\"https:\/\/odourlock.com\/wp-content\/uploads\/2023\/03\/OdourLock_Lifestyle16_jpg.jpg\",\"contentUrl\":\"https:\/\/odourlock.com\/wp-content\/uploads\/2023\/03\/OdourLock_Lifestyle16_jpg.jpg\",\"width\":1504,\"height\":1004,\"caption\":\"Odourlock\"},\"image\":{\"@id\":\"https:\/\/odourlock.com\/de\/en-us\/#\/schema\/logo\/image\/\"},\"sameAs\":[\"https:\/\/www.facebook.com\/odourlocklitter\",\"https:\/\/www.instagram.com\/odourlocklitter\/\"]}]}<\/script>\n<!-- \/ Yoast SEO plugin. -->","yoast_head_json":{"title":"Risikorechner | Odourlock","robots":{"index":"index","follow":"follow","max-snippet":"max-snippet:-1","max-image-preview":"max-image-preview:large","max-video-preview":"max-video-preview:-1"},"canonical":"https:\/\/odourlock.com\/de\/risikorechner\/","og_locale":"de_DE","og_type":"article","og_title":"Risikorechner | Odourlock","og_description":"Risiko-rechner","og_url":"https:\/\/odourlock.com\/de\/risikorechner\/","og_site_name":"Odourlock","article_publisher":"https:\/\/www.facebook.com\/odourlocklitter","article_modified_time":"2024-06-27T20:29:58+00:00","twitter_card":"summary_large_image","schema":{"@context":"https:\/\/schema.org","@graph":[{"@type":"WebPage","@id":"https:\/\/odourlock.com\/de\/risikorechner\/","url":"https:\/\/odourlock.com\/de\/risikorechner\/","name":"Risikorechner | Odourlock","isPartOf":{"@id":"https:\/\/odourlock.com\/de\/en-us\/#website"},"datePublished":"2023-08-14T18:17:31+00:00","dateModified":"2024-06-27T20:29:58+00:00","breadcrumb":{"@id":"https:\/\/odourlock.com\/de\/risikorechner\/#breadcrumb"},"inLanguage":"de","potentialAction":[{"@type":"ReadAction","target":["https:\/\/odourlock.com\/de\/risikorechner\/"]}]},{"@type":"BreadcrumbList","@id":"https:\/\/odourlock.com\/de\/risikorechner\/#breadcrumb","itemListElement":[{"@type":"ListItem","position":1,"name":"Home","item":"https:\/\/odourlock.com\/de\/"},{"@type":"ListItem","position":2,"name":"Risikorechner"}]},{"@type":"WebSite","@id":"https:\/\/odourlock.com\/de\/en-us\/#website","url":"https:\/\/odourlock.com\/de\/en-us\/","name":"Odourlock","description":"OdourLock litter is made of a 100% pure natural clay, sodium bentonite. This mineral essential to our exclusive formula comes directly from Wyoming mines.","publisher":{"@id":"https:\/\/odourlock.com\/de\/en-us\/#organization"},"potentialAction":[{"@type":"SearchAction","target":{"@type":"EntryPoint","urlTemplate":"https:\/\/odourlock.com\/de\/en-us\/?s={search_term_string}"},"query-input":{"@type":"PropertyValueSpecification","valueRequired":true,"valueName":"search_term_string"}}],"inLanguage":"de"},{"@type":"Organization","@id":"https:\/\/odourlock.com\/de\/en-us\/#organization","name":"Odourlock","url":"https:\/\/odourlock.com\/de\/en-us\/","logo":{"@type":"ImageObject","inLanguage":"de","@id":"https:\/\/odourlock.com\/de\/en-us\/#\/schema\/logo\/image\/","url":"https:\/\/odourlock.com\/wp-content\/uploads\/2023\/03\/OdourLock_Lifestyle16_jpg.jpg","contentUrl":"https:\/\/odourlock.com\/wp-content\/uploads\/2023\/03\/OdourLock_Lifestyle16_jpg.jpg","width":1504,"height":1004,"caption":"Odourlock"},"image":{"@id":"https:\/\/odourlock.com\/de\/en-us\/#\/schema\/logo\/image\/"},"sameAs":["https:\/\/www.facebook.com\/odourlocklitter","https:\/\/www.instagram.com\/odourlocklitter\/"]}]}},"_links":{"self":[{"href":"https:\/\/odourlock.com\/de\/wp-json\/wp\/v2\/pages\/30026","targetHints":{"allow":["GET"]}}],"collection":[{"href":"https:\/\/odourlock.com\/de\/wp-json\/wp\/v2\/pages"}],"about":[{"href":"https:\/\/odourlock.com\/de\/wp-json\/wp\/v2\/types\/page"}],"author":[{"embeddable":true,"href":"https:\/\/odourlock.com\/de\/wp-json\/wp\/v2\/users\/1"}],"replies":[{"embeddable":true,"href":"https:\/\/odourlock.com\/de\/wp-json\/wp\/v2\/comments?post=30026"}],"version-history":[{"count":1,"href":"https:\/\/odourlock.com\/de\/wp-json\/wp\/v2\/pages\/30026\/revisions"}],"predecessor-version":[{"id":30027,"href":"https:\/\/odourlock.com\/de\/wp-json\/wp\/v2\/pages\/30026\/revisions\/30027"}],"wp:attachment":[{"href":"https:\/\/odourlock.com\/de\/wp-json\/wp\/v2\/media?parent=30026"}],"curies":[{"name":"wp","href":"https:\/\/api.w.org\/{rel}","templated":true}]}}