{"id":30051,"date":"2023-05-10T18:02:00","date_gmt":"2023-05-10T18:02:00","guid":{"rendered":"https:\/\/odourlock.com\/garantie\/"},"modified":"2024-06-27T20:45:34","modified_gmt":"2024-06-27T20:45:34","slug":"garantie","status":"publish","type":"page","link":"https:\/\/odourlock.com\/de\/garantie\/","title":{"rendered":"Garantie"},"content":{"rendered":"\t\t<div data-elementor-type=\"wp-page\" data-elementor-id=\"30051\" class=\"elementor elementor-30051 elementor-3036\" data-elementor-post-type=\"page\">\n\t\t\t\t\t\t<section class=\"elementor-section elementor-top-section elementor-element elementor-element-c92c377 faq_header elementor-section-boxed elementor-section-height-default elementor-section-height-default\" data-id=\"c92c377\" data-element_type=\"section\" data-settings=\"{&quot;background_background&quot;:&quot;classic&quot;}\">\n\t\t\t\t\t\t<div class=\"elementor-container elementor-column-gap-default\">\n\t\t\t\t\t<div class=\"elementor-column elementor-col-100 elementor-top-column elementor-element elementor-element-032a950\" data-id=\"032a950\" data-element_type=\"column\">\n\t\t\t<div class=\"elementor-widget-wrap elementor-element-populated\">\n\t\t\t\t\t\t<div class=\"elementor-element elementor-element-9cc188a slider_title elementor-widget elementor-widget-text-editor\" data-id=\"9cc188a\" data-element_type=\"widget\" data-widget_type=\"text-editor.default\">\n\t\t\t\t<div class=\"elementor-widget-container\">\n\t\t\t\t\t\t\t\t\t<h1>Garantie<\/h1>\n\t\t\t\t\t\t\t\t<\/div>\n\t\t\t\t<\/div>\n\t\t\t\t\t<\/div>\n\t\t<\/div>\n\t\t\t\t\t<\/div>\n\t\t<\/section>\n\t\t<div class=\"elementor-element elementor-element-65d1758 e-flex e-con-boxed e-con e-parent\" data-id=\"65d1758\" data-element_type=\"container\">\n\t\t\t\t\t<div class=\"e-con-inner\">\n\t\t\t\t<div class=\"elementor-element elementor-element-99936ed elementor-widget elementor-widget-heading\" data-id=\"99936ed\" data-element_type=\"widget\" data-widget_type=\"heading.default\">\n\t\t\t\t<div class=\"elementor-widget-container\">\n\t\t\t\t\t<h1 class=\"elementor-heading-title elementor-size-default\">OdourLock<sup>\u00ae<\/sup><\/h1>\t\t\t\t<\/div>\n\t\t\t\t<\/div>\n\t\t\t\t\t<\/div>\n\t\t\t\t<\/div>\n\t\t<div class=\"elementor-element elementor-element-63f79c6 e-flex e-con-boxed e-con e-parent\" data-id=\"63f79c6\" data-element_type=\"container\">\n\t\t\t\t\t<div class=\"e-con-inner\">\n\t\t\t\t<div class=\"elementor-element elementor-element-758dc7c elementor-widget elementor-widget-text-editor\" data-id=\"758dc7c\" data-element_type=\"widget\" data-widget_type=\"text-editor.default\">\n\t\t\t\t<div class=\"elementor-widget-container\">\n\t\t\t\t\t\t\t\t\t<p>Die 40-Tage-Garantie f\u00fcr OdourLock<sup>\u00ae<\/sup> basiert auf einer unabh\u00e4ngigen, von Tier\u00e4rzten \u00fcberwachten In-vivo-Laborstudie in einer kontrollierten Umgebung. Die 40-Tage-Garantie von OdourLock<sup>\u00ae<\/sup> gilt f\u00fcr eine einzelne Katze, die ein t\u00e4glich gereinigtes Katzenklo benutzt.<\/p>\n<p>Falls der von Ihnen gekaufte OdourLock<sup>\u00ae<\/sup>-Beutel besch\u00e4digt oder defekt ist, <strong>k\u00f6nnen Sie den Beutel zusammen mit der Rechnung an die Verkaufsstelle zur\u00fcckgeben<\/strong>, um eine Erstattung des Verkaufspreises oder einen Umtausch gem\u00e4\u00df den Garantiebestimmungen des H\u00e4ndlers zu erhalten, der Ihnen das Produkt verkauft hat.<\/p>\n<p>Falls Sie bereits versucht haben, Produkte an den H\u00e4ndler zur\u00fcckzugeben, dies aber nicht gelungen ist, k\u00f6nnen Sie innerhalb von 40 Tagen nach Ihrem Kauf \u00fcber unsere Kontakt-Seite einen Umtausch beantragen, wobei Sie den Grund f\u00fcr die R\u00fcckgabe, die auf der Seite des Beutels aufgedruckte Chargennummer und ein Foto Ihres Kaufbelegs beif\u00fcgen m\u00fcssen. Bitte beachten Sie, dass nur der K\u00e4ufer des Produkts einen Umtausch beantragen kann und dass die Ersatzlieferung mehrere Wochen in Anspruch nehmen kann. Wir behalten uns das Recht vor, bestimmte Antr\u00e4ge auf Erstattung und\/oder Umtausch abzulehnen bzw. einzuschr\u00e4nken und den Umtausch auf 1 Beutel pro Transaktion und Haushalt zu beschr\u00e4nken.<\/p>\n\t\t\t\t\t\t\t\t<\/div>\n\t\t\t\t<\/div>\n\t\t\t\t\t<\/div>\n\t\t\t\t<\/div>\n\t\t<div class=\"elementor-element elementor-element-af0b0b6 e-flex e-con-boxed e-con e-parent\" data-id=\"af0b0b6\" data-element_type=\"container\">\n\t\t\t\t\t<div class=\"e-con-inner\">\n\t\t\t\t<div class=\"elementor-element elementor-element-9939636 elementor-widget elementor-widget-heading\" data-id=\"9939636\" data-element_type=\"widget\" data-widget_type=\"heading.default\">\n\t\t\t\t<div class=\"elementor-widget-container\">\n\t\t\t\t\t<h1 class=\"elementor-heading-title elementor-size-default\">OdourLock<sup>\u00ae<\/sup> maxCare<sup><font size=\"-1\">TM<\/font><\/sup><\/h1>\t\t\t\t<\/div>\n\t\t\t\t<\/div>\n\t\t\t\t\t<\/div>\n\t\t\t\t<\/div>\n\t\t<div class=\"elementor-element elementor-element-99edfc1 e-flex e-con-boxed e-con e-parent\" data-id=\"99edfc1\" data-element_type=\"container\">\n\t\t\t\t\t<div class=\"e-con-inner\">\n\t\t\t\t<div class=\"elementor-element elementor-element-bc0fb73 elementor-widget elementor-widget-text-editor\" data-id=\"bc0fb73\" data-element_type=\"widget\" data-widget_type=\"text-editor.default\">\n\t\t\t\t<div class=\"elementor-widget-container\">\n\t\t\t\t\t\t\t\t\t<p>Die OdourLock<sup>\u00ae<\/sup>-Garantie deckt die OdourLock<sup>\u00ae<\/sup>-maxCare<sup><span>TM<\/span><\/sup>-Katzenstreu ab.<\/p>\n<p>Obwohl die Bl\u00fccare<sup>\u00ae<\/sup>-Technologie unter Mitwirkung von Tier\u00e4rzten entwickelt wurde, um Gesundheitsprobleme bei Ihrer Katze zu erkennen, m\u00f6chten wir betonen, dass Bl\u00fccare<sup>\u00ae<\/sup> kein medizinisches Diagnoseprodukt ist. Medizinische Probleme k\u00f6nnen nur durch zugelassene Tier\u00e4rzte und Tier\u00e4rztinnen diagnostiziert werden.<\/p>\n<p>Bl\u00fccare\u00ae ist eine patentierte Technologie, deren Zuverl\u00e4ssigkeit durch veterin\u00e4rmedizinische Studien an Hochschulen validiert wurde. Bl\u00fccare\u00ae-Granulat hilft beim Nachweis von Blut und Glukose. Dabei handelt es sich um Biomarker, die bei vielen Harnwegserkrankungen von Katzen bzw. bei Diabetes auftreten. Das Bl\u00fccare\u00ae-Granulat sollte trocken, bei Raumtemperatur (&lt;25\u00a0\u00b0C) und vor direkter Sonneneinstrahlung gesch\u00fctzt aufbewahrt werden und ist nach dem \u00d6ffnen des Beutels 30 Tage haltbar. Falls Ihr Granulatbeutel besch\u00e4digt ist oder nicht in der Verpackung enthalten war, wenden Sie sich bitte an Ihren H\u00e4ndler.<\/p>\n<p>Die Ergebnisse k\u00f6nnen je nach den Bedingungen im Urin, die die normale Reaktion des Granulats beeintr\u00e4chtigen k\u00f6nnen, variieren. Bl\u00fccare\u00ae-Granulat ist kein Ersatz f\u00fcr eine tier\u00e4rztliche Beratung. Unabh\u00e4ngig von der Farbe des Granulats sollten Sie einen Tierarzt aufsuchen, wenn Ihre Katze ungew\u00f6hnliche Symptome zeigt oder Sie den geringsten Zweifel an ihrem Gesundheitszustand haben.<\/p>\n\t\t\t\t\t\t\t\t<\/div>\n\t\t\t\t<\/div>\n\t\t\t\t\t<\/div>\n\t\t\t\t<\/div>\n\t\t<div class=\"elementor-element elementor-element-d78f0ba e-con-full e-flex e-con e-parent\" data-id=\"d78f0ba\" data-element_type=\"container\">\n\t\t\t\t<div class=\"elementor-element elementor-element-d1bd242 elementor-widget elementor-widget-template\" data-id=\"d1bd242\" data-element_type=\"widget\" data-widget_type=\"template.default\">\n\t\t\t\t<div class=\"elementor-widget-container\">\n\t\t\t\t\t\t\t<div class=\"elementor-template\">\n\t\t\t\t\t<div data-elementor-type=\"section\" data-elementor-id=\"30536\" class=\"elementor elementor-30536 elementor-2162\" data-elementor-post-type=\"elementor_library\">\n\t\t\t\t\t<section class=\"elementor-section elementor-top-section elementor-element elementor-element-3fd3db49 elementor-section-boxed elementor-section-height-default elementor-section-height-default\" data-id=\"3fd3db49\" data-element_type=\"section\" data-settings=\"{&quot;background_background&quot;:&quot;classic&quot;}\">\n\t\t\t\t\t\t<div class=\"elementor-container elementor-column-gap-default\">\n\t\t\t\t\t<div class=\"elementor-column elementor-col-100 elementor-top-column elementor-element elementor-element-6909e438\" data-id=\"6909e438\" data-element_type=\"column\">\n\t\t\t<div class=\"elementor-widget-wrap elementor-element-populated\">\n\t\t\t\t\t\t<div class=\"elementor-element elementor-element-4836a1b5 hp_blog_header elementor-widget elementor-widget-text-editor\" data-id=\"4836a1b5\" data-element_type=\"widget\" data-widget_type=\"text-editor.default\">\n\t\t\t\t<div class=\"elementor-widget-container\">\n\t\t\t\t\t\t\t\t\t<h1>Alles \u00fcber Katzen<\/h1>\n\t\t\t\t\t\t\t\t<\/div>\n\t\t\t\t<\/div>\n\t\t\t\t<div class=\"elementor-element elementor-element-cd3693a elementor-widget elementor-widget-spacer\" data-id=\"cd3693a\" data-element_type=\"widget\" data-widget_type=\"spacer.default\">\n\t\t\t\t<div class=\"elementor-widget-container\">\n\t\t\t\t\t\t\t<div class=\"elementor-spacer\">\n\t\t\t<div class=\"elementor-spacer-inner\"><\/div>\n\t\t<\/div>\n\t\t\t\t\t\t<\/div>\n\t\t\t\t<\/div>\n\t\t\t\t<div class=\"elementor-element elementor-element-128c8c15 hp_blog_grid elementor-widget elementor-widget-el_blogmod_module\" data-id=\"128c8c15\" data-element_type=\"widget\" data-widget_type=\"el_blogmod_module.default\">\n\t\t\t\t<div class=\"elementor-widget-container\">\n\t\t\t\t\t<div class=\"dfd-module-wrapper dfd-elementor-widget\"><div class=\"dfd-blog-loop dfd-blog-posts-module  default dfd-blog-module-69e27e14f25a2 default\" id=\"dfd-blog-module-69e27e14f25a2\">\r\n\t<div class=\"dfd-blog-wrap\">\r\n\t\t\t\t<div class=\"dfd-blog dfd-blog-fitRows dfd-new-isotope\"  data-columns=\"3\" data-layout-style=\"fitRows\" data-item=\"post\">\r\n\t\t\t\t\t\t<div class=\"post-30561 post type-post status-publish format-standard has-post-thumbnail hentry category-katzenstreu post text-left\" >\r\n\t\t\t\t\t<div class=\"cover\">\r\n\t\t\t\t\t\t\t\t\t\t\t\t\t<div class=\"entry-media \">\r\n\t\t\t\t\t\t\t\t<div class=\"entry-thumb\">\r\n                                    <a href=\"https:\/\/odourlock.com\/de\/kann-ich-katzenstreu-in-der-toilette-hinunterspuelen\/\"><img decoding=\"async\" src=\"https:\/\/odourlock.com\/wp-content\/uploads\/2023\/10\/Blogue-litiere-aux-toilettes-2000-x-800-px-900x600.png\" alt=\"Kann ich Katzenstreu in der Toilette hinuntersp\u00fclen?\"\/><\/a>\r\n\t\t\t\t\t\t\t\t\t\r\n\t\t\t\t\t\t\t\t<\/div>\r\n\t\t\t\t\t\t\t\t<div class=\"dfd-blog-heading-wrap\"><div class=\"dfd-news-categories\">        <span class=\"category\">\r\n            <a href=\"https:\/\/odourlock.com\/de\/category\/katzenstreu\/\" class=\"fn\">\r\n                <span class=\"cat-name\">Katzenstreu<\/span>\r\n            <\/a>        <\/span>\r\n                        <\/div><div class=\"dfd-blog-title widget-title\"><a href=\"https:\/\/odourlock.com\/de\/kann-ich-katzenstreu-in-der-toilette-hinunterspuelen\/\" title=\"Kann ich Katzenstreu in der Toilette hinuntersp\u00fclen?\">Kann ich Katzenstreu in der Toilette hinuntersp\u00fclen?<\/a><\/div><\/div>\t\t\t\t\t\t\t<\/div>\r\n\t\t\t\t\t\t\t<div class=\"entry-content text-left\"><p>Beim Kauf von Katzenstreu sto\u00dfen Sie m\u00f6glicherweise auf Streu, von der behauptet wird, man k\u00f6nne sie einfach in der Toilette entsorgen. Dieses Konzept mag zwar verlockend klingen, aber die Realit\u00e4t<\/p><\/div>\t\t\t\t\t\t\t\t<div class=\"dfd-read-share clearfix\">\r\n\t\t\t\t\t\t\t\t\t\t\t\t\t\t\t\t\t\t\t<div class=\"read-more-wrap\">\r\n\t\t\t\t\t\t\t\t\t\t\t<a href=\"https:\/\/odourlock.com\/de\/kann-ich-katzenstreu-in-der-toilette-hinunterspuelen\/\" class=\"more-button ezstyle\" title=\"Read more\" data-lang=\"en\">Read more <i class=\"fa fa-chevron-right\"><\/i><\/a>\r\n\t\t\t\t\t\t\t\t\t\t<\/div>\r\n\t\t\t\t\t\t\t\t\t\t\t\t\t\t\t\t\t\t\t\t\t\t\t\t\t\t<\/div>\r\n\t\t\t\t\t\t\t\t\t\t\t\t\t\t\t\t\t\t<\/div>\r\n\t\t\t\t<\/div>\r\n\t\t\t\t\t\t\t\t<div class=\"post-30560 post type-post status-publish format-standard has-post-thumbnail hentry category-katzengesundheit post text-left\" >\r\n\t\t\t\t\t<div class=\"cover\">\r\n\t\t\t\t\t\t\t\t\t\t\t\t\t<div class=\"entry-media \">\r\n\t\t\t\t\t\t\t\t<div class=\"entry-thumb\">\r\n                                    <a href=\"https:\/\/odourlock.com\/de\/risikofaktoren-fuer-harnwegserkrankungen-und-diabetes\/\"><img decoding=\"async\" src=\"https:\/\/odourlock.com\/wp-content\/uploads\/2023\/05\/facteurs-de-risque-du-diabete-felin-900x600.jpg\" alt=\"Risikofaktoren f\u00fcr Harnwegserkrankungen und Diabetes\"\/><\/a>\r\n\t\t\t\t\t\t\t\t\t\r\n\t\t\t\t\t\t\t\t<\/div>\r\n\t\t\t\t\t\t\t\t<div class=\"dfd-blog-heading-wrap\"><div class=\"dfd-news-categories\">        <span class=\"category\">\r\n            <a href=\"https:\/\/odourlock.com\/de\/category\/katzengesundheit\/\" class=\"fn\">\r\n                <span class=\"cat-name\">Katzengesundheit<\/span>\r\n            <\/a>        <\/span>\r\n                        <\/div><div class=\"dfd-blog-title widget-title\"><a href=\"https:\/\/odourlock.com\/de\/risikofaktoren-fuer-harnwegserkrankungen-und-diabetes\/\" title=\"Risikofaktoren f\u00fcr Harnwegserkrankungen und Diabetes\">Risikofaktoren f\u00fcr Harnwegserkrankungen und Diabetes<\/a><\/div><\/div>\t\t\t\t\t\t\t<\/div>\r\n\t\t\t\t\t\t\t<div class=\"entry-content text-left\"><p>Risikofaktoren sind Merkmale, deren Vorhandensein die Wahrscheinlichkeit erh\u00f6ht, dass ein Mensch \u2013 oder ein Tier \u2013 bestimmte Erkrankungen entwickelt. \u00c4hnlich wie beim Menschen wird auch bei Katzen mit bestimmten Risikofaktoren<\/p><\/div>\t\t\t\t\t\t\t\t<div class=\"dfd-read-share clearfix\">\r\n\t\t\t\t\t\t\t\t\t\t\t\t\t\t\t\t\t\t\t<div class=\"read-more-wrap\">\r\n\t\t\t\t\t\t\t\t\t\t\t<a href=\"https:\/\/odourlock.com\/de\/risikofaktoren-fuer-harnwegserkrankungen-und-diabetes\/\" class=\"more-button ezstyle\" title=\"Read more\" data-lang=\"en\">Read more <i class=\"fa fa-chevron-right\"><\/i><\/a>\r\n\t\t\t\t\t\t\t\t\t\t<\/div>\r\n\t\t\t\t\t\t\t\t\t\t\t\t\t\t\t\t\t\t\t\t\t\t\t\t\t\t<\/div>\r\n\t\t\t\t\t\t\t\t\t\t\t\t\t\t\t\t\t\t<\/div>\r\n\t\t\t\t<\/div>\r\n\t\t\t\t\t\t\t\t<div class=\"post-30559 post type-post status-publish format-standard has-post-thumbnail hentry category-katzengesundheit post text-left\" >\r\n\t\t\t\t\t<div class=\"cover\">\r\n\t\t\t\t\t\t\t\t\t\t\t\t\t<div class=\"entry-media \">\r\n\t\t\t\t\t\t\t\t<div class=\"entry-thumb\">\r\n                                    <a href=\"https:\/\/odourlock.com\/de\/diabetes-bei-katzen\/\"><img decoding=\"async\" src=\"https:\/\/odourlock.com\/wp-content\/uploads\/2023\/05\/Sante-feline-Le-Diabete-felin-900x600.jpg\" alt=\"Diabetes bei Katzen\"\/><\/a>\r\n\t\t\t\t\t\t\t\t\t\r\n\t\t\t\t\t\t\t\t<\/div>\r\n\t\t\t\t\t\t\t\t<div class=\"dfd-blog-heading-wrap\"><div class=\"dfd-news-categories\">        <span class=\"category\">\r\n            <a href=\"https:\/\/odourlock.com\/de\/category\/katzengesundheit\/\" class=\"fn\">\r\n                <span class=\"cat-name\">Katzengesundheit<\/span>\r\n            <\/a>        <\/span>\r\n                        <\/div><div class=\"dfd-blog-title widget-title\"><a href=\"https:\/\/odourlock.com\/de\/diabetes-bei-katzen\/\" title=\"Diabetes bei Katzen\">Diabetes bei Katzen<\/a><\/div><\/div>\t\t\t\t\t\t\t<\/div>\r\n\t\t\t\t\t\t\t<div class=\"entry-content text-left\"><p>Diabetes ist eine immer h\u00e4ufiger auftretende Erkrankung bei Katzen, und das nicht ohne Grund: Mit der Zunahme von Fettleibigkeit unter unseren Haustieren, in Kombination mit einem bewegungsarmen Lebensstil, entwickeln sie<\/p><\/div>\t\t\t\t\t\t\t\t<div class=\"dfd-read-share clearfix\">\r\n\t\t\t\t\t\t\t\t\t\t\t\t\t\t\t\t\t\t\t<div class=\"read-more-wrap\">\r\n\t\t\t\t\t\t\t\t\t\t\t<a href=\"https:\/\/odourlock.com\/de\/diabetes-bei-katzen\/\" class=\"more-button ezstyle\" title=\"Read more\" data-lang=\"en\">Read more <i class=\"fa fa-chevron-right\"><\/i><\/a>\r\n\t\t\t\t\t\t\t\t\t\t<\/div>\r\n\t\t\t\t\t\t\t\t\t\t\t\t\t\t\t\t\t\t\t\t\t\t\t\t\t\t<\/div>\r\n\t\t\t\t\t\t\t\t\t\t\t\t\t\t\t\t\t\t<\/div>\r\n\t\t\t\t<\/div>\r\n\t\t\t\t\t\t<\/div>\r\n\t<\/div>\r\n<\/div><script type=\"text\/javascript\">\r\n\t\t\t\t\t\t\t\t(function($) {$(\"head\").append(\"<style>#dfd-blog-module-69e27e14f25a2 .dfd-read-share, #dfd-blog-module-69e27e14f25a2.dfd-blog-loop.simple .post .cover {border-style: none;}#dfd-blog-module-69e27e14f25a2 .dfd-blog {margin: -10px;}#dfd-blog-module-69e27e14f25a2 .dfd-blog .cover {padding: 10px;}<\/style>\");if(typeof jQuery.fn.initTaxonomyIsotope !== \"undefined\") {\r\n\t\t\t\t\t\tjQuery(\"#dfd-blog-module-69e27e14f25a2 .dfd-new-isotope\").initTaxonomyIsotope();\r\n\t\t\t\t\t}})(jQuery);\r\n\t\t\t\t\t\t\t<\/script><\/div>\t\t\t\t<\/div>\n\t\t\t\t<\/div>\n\t\t\t\t\t<\/div>\n\t\t<\/div>\n\t\t\t\t\t<\/div>\n\t\t<\/section>\n\t\t\t\t<\/div>\n\t\t\t\t<\/div>\n\t\t\t\t\t\t<\/div>\n\t\t\t\t<\/div>\n\t\t\t\t<\/div>\n\t\t\t\t<\/div>\n\t\t","protected":false},"excerpt":{"rendered":"<p>Garantie OdourLock\u00ae Die 40-Tage-Garantie f\u00fcr OdourLock\u00ae basiert auf einer unabh\u00e4ngigen, von Tier\u00e4rzten \u00fcberwachten In-vivo-Laborstudie in einer kontrollierten Umgebung. Die 40-Tage-Garantie von OdourLock\u00ae gilt f\u00fcr eine einzelne Katze, die ein t\u00e4glich<\/p>\n","protected":false},"author":1,"featured_media":0,"parent":0,"menu_order":0,"comment_status":"closed","ping_status":"closed","template":"page-custom.php","meta":{"_acf_changed":false,"inline_featured_image":false,"footnotes":""},"class_list":["post-30051","page","type-page","status-publish","hentry"],"acf":[],"yoast_head":"<!-- This site is optimized with the Yoast SEO plugin v24.5 - https:\/\/yoast.com\/wordpress\/plugins\/seo\/ -->\n<title>Garantie | Odourlock<\/title>\n<meta name=\"description\" content=\"OdourLock- und OdourLock-maxCare-Garantie.\" \/>\n<meta name=\"robots\" content=\"index, follow, max-snippet:-1, max-image-preview:large, max-video-preview:-1\" \/>\n<link rel=\"canonical\" href=\"https:\/\/odourlock.com\/de\/garantie\/\" \/>\n<meta property=\"og:locale\" content=\"de_DE\" \/>\n<meta property=\"og:type\" content=\"article\" \/>\n<meta property=\"og:title\" content=\"Garantie | Odourlock\" \/>\n<meta property=\"og:description\" content=\"OdourLock- und OdourLock-maxCare-Garantie.\" \/>\n<meta property=\"og:url\" content=\"https:\/\/odourlock.com\/de\/garantie\/\" \/>\n<meta property=\"og:site_name\" content=\"Odourlock\" \/>\n<meta property=\"article:publisher\" content=\"https:\/\/www.facebook.com\/odourlocklitter\" \/>\n<meta property=\"article:modified_time\" content=\"2024-06-27T20:45:34+00:00\" \/>\n<meta name=\"twitter:card\" content=\"summary_large_image\" \/>\n<meta name=\"twitter:label1\" content=\"Gesch\u00e4tzte Lesezeit\" \/>\n\t<meta name=\"twitter:data1\" content=\"2\u00a0Minuten\" \/>\n<script type=\"application\/ld+json\" class=\"yoast-schema-graph\">{\"@context\":\"https:\/\/schema.org\",\"@graph\":[{\"@type\":\"WebPage\",\"@id\":\"https:\/\/odourlock.com\/de\/garantie\/\",\"url\":\"https:\/\/odourlock.com\/de\/garantie\/\",\"name\":\"Garantie | Odourlock\",\"isPartOf\":{\"@id\":\"https:\/\/odourlock.com\/de\/en-us\/#website\"},\"datePublished\":\"2023-05-10T18:02:00+00:00\",\"dateModified\":\"2024-06-27T20:45:34+00:00\",\"description\":\"OdourLock- und OdourLock-maxCare-Garantie.\",\"breadcrumb\":{\"@id\":\"https:\/\/odourlock.com\/de\/garantie\/#breadcrumb\"},\"inLanguage\":\"de\",\"potentialAction\":[{\"@type\":\"ReadAction\",\"target\":[\"https:\/\/odourlock.com\/de\/garantie\/\"]}]},{\"@type\":\"BreadcrumbList\",\"@id\":\"https:\/\/odourlock.com\/de\/garantie\/#breadcrumb\",\"itemListElement\":[{\"@type\":\"ListItem\",\"position\":1,\"name\":\"Home\",\"item\":\"https:\/\/odourlock.com\/de\/\"},{\"@type\":\"ListItem\",\"position\":2,\"name\":\"Garantie\"}]},{\"@type\":\"WebSite\",\"@id\":\"https:\/\/odourlock.com\/de\/en-us\/#website\",\"url\":\"https:\/\/odourlock.com\/de\/en-us\/\",\"name\":\"Odourlock\",\"description\":\"OdourLock litter is made of a 100% pure natural clay, sodium bentonite. This mineral essential to our exclusive formula comes directly from Wyoming mines.\",\"publisher\":{\"@id\":\"https:\/\/odourlock.com\/de\/en-us\/#organization\"},\"potentialAction\":[{\"@type\":\"SearchAction\",\"target\":{\"@type\":\"EntryPoint\",\"urlTemplate\":\"https:\/\/odourlock.com\/de\/en-us\/?s={search_term_string}\"},\"query-input\":{\"@type\":\"PropertyValueSpecification\",\"valueRequired\":true,\"valueName\":\"search_term_string\"}}],\"inLanguage\":\"de\"},{\"@type\":\"Organization\",\"@id\":\"https:\/\/odourlock.com\/de\/en-us\/#organization\",\"name\":\"Odourlock\",\"url\":\"https:\/\/odourlock.com\/de\/en-us\/\",\"logo\":{\"@type\":\"ImageObject\",\"inLanguage\":\"de\",\"@id\":\"https:\/\/odourlock.com\/de\/en-us\/#\/schema\/logo\/image\/\",\"url\":\"https:\/\/odourlock.com\/wp-content\/uploads\/2023\/03\/OdourLock_Lifestyle16_jpg.jpg\",\"contentUrl\":\"https:\/\/odourlock.com\/wp-content\/uploads\/2023\/03\/OdourLock_Lifestyle16_jpg.jpg\",\"width\":1504,\"height\":1004,\"caption\":\"Odourlock\"},\"image\":{\"@id\":\"https:\/\/odourlock.com\/de\/en-us\/#\/schema\/logo\/image\/\"},\"sameAs\":[\"https:\/\/www.facebook.com\/odourlocklitter\",\"https:\/\/www.instagram.com\/odourlocklitter\/\"]}]}<\/script>\n<!-- \/ Yoast SEO plugin. -->","yoast_head_json":{"title":"Garantie | Odourlock","description":"OdourLock- und OdourLock-maxCare-Garantie.","robots":{"index":"index","follow":"follow","max-snippet":"max-snippet:-1","max-image-preview":"max-image-preview:large","max-video-preview":"max-video-preview:-1"},"canonical":"https:\/\/odourlock.com\/de\/garantie\/","og_locale":"de_DE","og_type":"article","og_title":"Garantie | Odourlock","og_description":"OdourLock- und OdourLock-maxCare-Garantie.","og_url":"https:\/\/odourlock.com\/de\/garantie\/","og_site_name":"Odourlock","article_publisher":"https:\/\/www.facebook.com\/odourlocklitter","article_modified_time":"2024-06-27T20:45:34+00:00","twitter_card":"summary_large_image","twitter_misc":{"Gesch\u00e4tzte Lesezeit":"2\u00a0Minuten"},"schema":{"@context":"https:\/\/schema.org","@graph":[{"@type":"WebPage","@id":"https:\/\/odourlock.com\/de\/garantie\/","url":"https:\/\/odourlock.com\/de\/garantie\/","name":"Garantie | Odourlock","isPartOf":{"@id":"https:\/\/odourlock.com\/de\/en-us\/#website"},"datePublished":"2023-05-10T18:02:00+00:00","dateModified":"2024-06-27T20:45:34+00:00","description":"OdourLock- und OdourLock-maxCare-Garantie.","breadcrumb":{"@id":"https:\/\/odourlock.com\/de\/garantie\/#breadcrumb"},"inLanguage":"de","potentialAction":[{"@type":"ReadAction","target":["https:\/\/odourlock.com\/de\/garantie\/"]}]},{"@type":"BreadcrumbList","@id":"https:\/\/odourlock.com\/de\/garantie\/#breadcrumb","itemListElement":[{"@type":"ListItem","position":1,"name":"Home","item":"https:\/\/odourlock.com\/de\/"},{"@type":"ListItem","position":2,"name":"Garantie"}]},{"@type":"WebSite","@id":"https:\/\/odourlock.com\/de\/en-us\/#website","url":"https:\/\/odourlock.com\/de\/en-us\/","name":"Odourlock","description":"OdourLock litter is made of a 100% pure natural clay, sodium bentonite. This mineral essential to our exclusive formula comes directly from Wyoming mines.","publisher":{"@id":"https:\/\/odourlock.com\/de\/en-us\/#organization"},"potentialAction":[{"@type":"SearchAction","target":{"@type":"EntryPoint","urlTemplate":"https:\/\/odourlock.com\/de\/en-us\/?s={search_term_string}"},"query-input":{"@type":"PropertyValueSpecification","valueRequired":true,"valueName":"search_term_string"}}],"inLanguage":"de"},{"@type":"Organization","@id":"https:\/\/odourlock.com\/de\/en-us\/#organization","name":"Odourlock","url":"https:\/\/odourlock.com\/de\/en-us\/","logo":{"@type":"ImageObject","inLanguage":"de","@id":"https:\/\/odourlock.com\/de\/en-us\/#\/schema\/logo\/image\/","url":"https:\/\/odourlock.com\/wp-content\/uploads\/2023\/03\/OdourLock_Lifestyle16_jpg.jpg","contentUrl":"https:\/\/odourlock.com\/wp-content\/uploads\/2023\/03\/OdourLock_Lifestyle16_jpg.jpg","width":1504,"height":1004,"caption":"Odourlock"},"image":{"@id":"https:\/\/odourlock.com\/de\/en-us\/#\/schema\/logo\/image\/"},"sameAs":["https:\/\/www.facebook.com\/odourlocklitter","https:\/\/www.instagram.com\/odourlocklitter\/"]}]}},"_links":{"self":[{"href":"https:\/\/odourlock.com\/de\/wp-json\/wp\/v2\/pages\/30051","targetHints":{"allow":["GET"]}}],"collection":[{"href":"https:\/\/odourlock.com\/de\/wp-json\/wp\/v2\/pages"}],"about":[{"href":"https:\/\/odourlock.com\/de\/wp-json\/wp\/v2\/types\/page"}],"author":[{"embeddable":true,"href":"https:\/\/odourlock.com\/de\/wp-json\/wp\/v2\/users\/1"}],"replies":[{"embeddable":true,"href":"https:\/\/odourlock.com\/de\/wp-json\/wp\/v2\/comments?post=30051"}],"version-history":[{"count":4,"href":"https:\/\/odourlock.com\/de\/wp-json\/wp\/v2\/pages\/30051\/revisions"}],"predecessor-version":[{"id":30078,"href":"https:\/\/odourlock.com\/de\/wp-json\/wp\/v2\/pages\/30051\/revisions\/30078"}],"wp:attachment":[{"href":"https:\/\/odourlock.com\/de\/wp-json\/wp\/v2\/media?parent=30051"}],"curies":[{"name":"wp","href":"https:\/\/api.w.org\/{rel}","templated":true}]}}