{"id":30663,"date":"2023-02-13T14:42:15","date_gmt":"2023-02-13T14:42:15","guid":{"rendered":"https:\/\/odourlock.com\/einzelhaendler-finden\/"},"modified":"2024-06-28T18:12:53","modified_gmt":"2024-06-28T18:12:53","slug":"einzelhaendler-finden","status":"publish","type":"page","link":"https:\/\/odourlock.com\/de\/einzelhaendler-finden\/","title":{"rendered":"Einzelh\u00e4ndler finden"},"content":{"rendered":"\t\t<div data-elementor-type=\"wp-page\" data-elementor-id=\"30663\" class=\"elementor elementor-30663 elementor-5\" data-elementor-post-type=\"page\">\n\t\t\t\t\t\t<section class=\"elementor-section elementor-top-section elementor-element elementor-element-4f2a2fc store_locator_header elementor-section-boxed elementor-section-height-default elementor-section-height-default\" data-id=\"4f2a2fc\" data-element_type=\"section\" data-settings=\"{&quot;background_background&quot;:&quot;classic&quot;}\">\n\t\t\t\t\t\t<div class=\"elementor-container elementor-column-gap-default\">\n\t\t\t\t\t<div class=\"elementor-column elementor-col-100 elementor-top-column elementor-element elementor-element-205f8e1\" data-id=\"205f8e1\" data-element_type=\"column\">\n\t\t\t<div class=\"elementor-widget-wrap elementor-element-populated\">\n\t\t\t\t\t\t<div class=\"elementor-element elementor-element-4eeb0a4 slider_title  elementor-widget elementor-widget-text-editor\" data-id=\"4eeb0a4\" data-element_type=\"widget\" data-widget_type=\"text-editor.default\">\n\t\t\t\t<div class=\"elementor-widget-container\">\n\t\t\t\t\t\t\t\t\t<h1>Einzelh\u00e4ndler<\/h1>\t\t\t\t\t\t\t\t<\/div>\n\t\t\t\t<\/div>\n\t\t\t\t<div class=\"elementor-element elementor-element-8da14dc slider_subtitle elementor-widget elementor-widget-text-editor\" data-id=\"8da14dc\" data-element_type=\"widget\" data-widget_type=\"text-editor.default\">\n\t\t\t\t<div class=\"elementor-widget-container\">\n\t\t\t\t\t\t\t\t\t<h2>Richtiger Umgang mit der Katze<\/h2>\n\t\t\t\t\t\t\t\t<\/div>\n\t\t\t\t<\/div>\n\t\t\t\t\t<\/div>\n\t\t<\/div>\n\t\t\t\t\t<\/div>\n\t\t<\/section>\n\t\t<div class=\"elementor-element elementor-element-67e40e4 e-flex e-con-boxed e-con e-parent\" data-id=\"67e40e4\" data-element_type=\"container\">\n\t\t\t\t\t<div class=\"e-con-inner\">\n\t\t<div class=\"elementor-element elementor-element-1f73b5a e-con-full e-flex e-con e-child\" data-id=\"1f73b5a\" data-element_type=\"container\">\n\t\t\t\t<div class=\"elementor-element elementor-element-f761d8f elementor-widget elementor-widget-heading\" data-id=\"f761d8f\" data-element_type=\"widget\" data-widget_type=\"heading.default\">\n\t\t\t\t<div class=\"elementor-widget-container\">\n\t\t\t\t\t<h2 class=\"elementor-heading-title elementor-size-default\">Fressnapf<\/h2>\t\t\t\t<\/div>\n\t\t\t\t<\/div>\n\t\t\t\t<div class=\"elementor-element elementor-element-3d63357 elementor-widget elementor-widget-text-editor\" data-id=\"3d63357\" data-element_type=\"widget\" data-widget_type=\"text-editor.default\">\n\t\t\t\t<div class=\"elementor-widget-container\">\n\t\t\t\t\t\t\t\t\t<p>Unsere duftende Katzenstreu und unser OdourLock maxCare Katzenstreu mit Gesundheitsindikator sind bei Fressnapf erh\u00e4ltlich.<\/p>\t\t\t\t\t\t\t\t<\/div>\n\t\t\t\t<\/div>\n\t\t\t\t<div class=\"elementor-element elementor-element-ab6bd02 elementor-mobile-align-center elementor-widget elementor-widget-button\" data-id=\"ab6bd02\" data-element_type=\"widget\" data-widget_type=\"button.default\">\n\t\t\t\t<div class=\"elementor-widget-container\">\n\t\t\t\t\t\t\t\t\t<div class=\"elementor-button-wrapper\">\n\t\t\t\t\t<a class=\"elementor-button elementor-button-link elementor-size-sm\" href=\"https:\/\/www.fressnapf.de\/search\/?text=odour%20lock\">\n\t\t\t\t\t\t<span class=\"elementor-button-content-wrapper\">\n\t\t\t\t\t\t\t\t\t<span class=\"elementor-button-text\">Online kaufen<\/span>\n\t\t\t\t\t<\/span>\n\t\t\t\t\t<\/a>\n\t\t\t\t<\/div>\n\t\t\t\t\t\t\t\t<\/div>\n\t\t\t\t<\/div>\n\t\t\t\t<\/div>\n\t\t<div class=\"elementor-element elementor-element-f24ef11 e-con-full e-flex e-con e-child\" data-id=\"f24ef11\" data-element_type=\"container\">\n\t\t\t\t<div class=\"elementor-element elementor-element-3feb4f9 elementor-widget elementor-widget-image\" data-id=\"3feb4f9\" data-element_type=\"widget\" data-widget_type=\"image.default\">\n\t\t\t\t<div class=\"elementor-widget-container\">\n\t\t\t\t\t\t\t\t\t\t\t\t\t\t\t<img fetchpriority=\"high\" decoding=\"async\" width=\"300\" height=\"300\" src=\"https:\/\/odourlock.com\/wp-content\/uploads\/2024\/06\/fressnapf-logo-300x300.png\" class=\"attachment-medium size-medium wp-image-30780\" alt=\"\" srcset=\"https:\/\/odourlock.com\/wp-content\/uploads\/2024\/06\/fressnapf-logo-300x300.png 300w, https:\/\/odourlock.com\/wp-content\/uploads\/2024\/06\/fressnapf-logo-150x150.png 150w, https:\/\/odourlock.com\/wp-content\/uploads\/2024\/06\/fressnapf-logo.png 400w\" sizes=\"(max-width: 300px) 100vw, 300px\" \/>\t\t\t\t\t\t\t\t\t\t\t\t\t\t\t<\/div>\n\t\t\t\t<\/div>\n\t\t\t\t<\/div>\n\t\t\t\t\t<\/div>\n\t\t\t\t<\/div>\n\t\t<div class=\"elementor-element elementor-element-4d7623c e-flex e-con-boxed e-con e-parent\" data-id=\"4d7623c\" data-element_type=\"container\">\n\t\t\t\t\t<div class=\"e-con-inner\">\n\t\t\t\t<div class=\"elementor-element elementor-element-d77b6a0 elementor-widget-divider--view-line elementor-widget elementor-widget-divider\" data-id=\"d77b6a0\" data-element_type=\"widget\" data-widget_type=\"divider.default\">\n\t\t\t\t<div class=\"elementor-widget-container\">\n\t\t\t\t\t\t\t<div class=\"elementor-divider\">\n\t\t\t<span class=\"elementor-divider-separator\">\n\t\t\t\t\t\t<\/span>\n\t\t<\/div>\n\t\t\t\t\t\t<\/div>\n\t\t\t\t<\/div>\n\t\t\t\t\t<\/div>\n\t\t\t\t<\/div>\n\t\t<div class=\"elementor-element elementor-element-db66bb7 e-flex e-con-boxed e-con e-parent\" data-id=\"db66bb7\" data-element_type=\"container\">\n\t\t\t\t\t<div class=\"e-con-inner\">\n\t\t<div class=\"elementor-element elementor-element-6648070 e-con-full e-flex e-con e-child\" data-id=\"6648070\" data-element_type=\"container\">\n\t\t\t\t<div class=\"elementor-element elementor-element-5aa622e elementor-widget elementor-widget-heading\" data-id=\"5aa622e\" data-element_type=\"widget\" data-widget_type=\"heading.default\">\n\t\t\t\t<div class=\"elementor-widget-container\">\n\t\t\t\t\t<h2 class=\"elementor-heading-title elementor-size-default\">Zooplus<\/h2>\t\t\t\t<\/div>\n\t\t\t\t<\/div>\n\t\t\t\t<div class=\"elementor-element elementor-element-5b30518 elementor-widget elementor-widget-text-editor\" data-id=\"5b30518\" data-element_type=\"widget\" data-widget_type=\"text-editor.default\">\n\t\t\t\t<div class=\"elementor-widget-container\">\n\t\t\t\t\t\t\t\t\t<p>Alle unsere Katzenstreu, parf\u00fcmiert und unparf\u00fcmiert, sind online bei Zooplus erh\u00e4ltlich.<\/p>\t\t\t\t\t\t\t\t<\/div>\n\t\t\t\t<\/div>\n\t\t\t\t<div class=\"elementor-element elementor-element-3350683 elementor-mobile-align-center elementor-widget elementor-widget-button\" data-id=\"3350683\" data-element_type=\"widget\" data-widget_type=\"button.default\">\n\t\t\t\t<div class=\"elementor-widget-container\">\n\t\t\t\t\t\t\t\t\t<div class=\"elementor-button-wrapper\">\n\t\t\t\t\t<a class=\"elementor-button elementor-button-link elementor-size-sm\" href=\"https:\/\/www.zooplus.de\/search\/results?q=odourlock\">\n\t\t\t\t\t\t<span class=\"elementor-button-content-wrapper\">\n\t\t\t\t\t\t\t\t\t<span class=\"elementor-button-text\">Online kaufen<\/span>\n\t\t\t\t\t<\/span>\n\t\t\t\t\t<\/a>\n\t\t\t\t<\/div>\n\t\t\t\t\t\t\t\t<\/div>\n\t\t\t\t<\/div>\n\t\t\t\t<\/div>\n\t\t<div class=\"elementor-element elementor-element-e69610b e-con-full e-flex e-con e-child\" data-id=\"e69610b\" data-element_type=\"container\">\n\t\t\t\t<div class=\"elementor-element elementor-element-5d0b7fc elementor-widget elementor-widget-image\" data-id=\"5d0b7fc\" data-element_type=\"widget\" data-widget_type=\"image.default\">\n\t\t\t\t<div class=\"elementor-widget-container\">\n\t\t\t\t\t\t\t\t\t\t\t\t\t\t\t<img decoding=\"async\" width=\"300\" height=\"300\" src=\"https:\/\/odourlock.com\/wp-content\/uploads\/2024\/06\/zooplus-logo-300x300.png\" class=\"attachment-medium size-medium wp-image-30785\" alt=\"\" srcset=\"https:\/\/odourlock.com\/wp-content\/uploads\/2024\/06\/zooplus-logo-300x300.png 300w, https:\/\/odourlock.com\/wp-content\/uploads\/2024\/06\/zooplus-logo-150x150.png 150w, https:\/\/odourlock.com\/wp-content\/uploads\/2024\/06\/zooplus-logo.png 400w\" sizes=\"(max-width: 300px) 100vw, 300px\" \/>\t\t\t\t\t\t\t\t\t\t\t\t\t\t\t<\/div>\n\t\t\t\t<\/div>\n\t\t\t\t<\/div>\n\t\t\t\t\t<\/div>\n\t\t\t\t<\/div>\n\t\t\t\t<\/div>\n\t\t","protected":false},"excerpt":{"rendered":"<p>Einzelh\u00e4ndler Richtiger Umgang mit der Katze Fressnapf Unsere duftende Katzenstreu und unser OdourLock maxCare Katzenstreu mit Gesundheitsindikator sind bei Fressnapf erh\u00e4ltlich. Online kaufen Zooplus Alle unsere Katzenstreu, parf\u00fcmiert und unparf\u00fcmiert,<\/p>\n","protected":false},"author":1,"featured_media":0,"parent":0,"menu_order":0,"comment_status":"closed","ping_status":"closed","template":"page-custom.php","meta":{"_acf_changed":false,"inline_featured_image":false,"footnotes":""},"class_list":["post-30663","page","type-page","status-publish","hentry"],"acf":[],"yoast_head":"<!-- This site is optimized with the Yoast SEO plugin v24.5 - https:\/\/yoast.com\/wordpress\/plugins\/seo\/ -->\n<title>Einzelh\u00e4ndler finden | Odourlock<\/title>\n<meta name=\"description\" content=\"Wo Sie OdourLock kaufen k\u00f6nnen. Finden Sie einen Einzelh\u00e4ndler f\u00fcr OdourLock-Streu.\" \/>\n<meta name=\"robots\" content=\"index, follow, max-snippet:-1, max-image-preview:large, max-video-preview:-1\" \/>\n<link rel=\"canonical\" href=\"https:\/\/odourlock.com\/de\/einzelhaendler-finden\/\" \/>\n<meta property=\"og:locale\" content=\"de_DE\" \/>\n<meta property=\"og:type\" content=\"article\" \/>\n<meta property=\"og:title\" content=\"Einzelh\u00e4ndler finden | Odourlock\" \/>\n<meta property=\"og:description\" content=\"Wo Sie OdourLock kaufen k\u00f6nnen. Finden Sie einen Einzelh\u00e4ndler f\u00fcr OdourLock-Streu.\" \/>\n<meta property=\"og:url\" content=\"https:\/\/odourlock.com\/de\/einzelhaendler-finden\/\" \/>\n<meta property=\"og:site_name\" content=\"Odourlock\" \/>\n<meta property=\"article:publisher\" content=\"https:\/\/www.facebook.com\/odourlocklitter\" \/>\n<meta property=\"article:modified_time\" content=\"2024-06-28T18:12:53+00:00\" \/>\n<meta property=\"og:image\" content=\"https:\/\/odourlock.com\/wp-content\/uploads\/2024\/06\/fressnapf-logo-300x300.png\" \/>\n<meta name=\"twitter:card\" content=\"summary_large_image\" \/>\n<meta name=\"twitter:label1\" content=\"Gesch\u00e4tzte Lesezeit\" \/>\n\t<meta name=\"twitter:data1\" content=\"1\u00a0Minute\" \/>\n<script type=\"application\/ld+json\" class=\"yoast-schema-graph\">{\"@context\":\"https:\/\/schema.org\",\"@graph\":[{\"@type\":\"WebPage\",\"@id\":\"https:\/\/odourlock.com\/de\/einzelhaendler-finden\/\",\"url\":\"https:\/\/odourlock.com\/de\/einzelhaendler-finden\/\",\"name\":\"Einzelh\u00e4ndler finden | Odourlock\",\"isPartOf\":{\"@id\":\"https:\/\/odourlock.com\/de\/en-us\/#website\"},\"primaryImageOfPage\":{\"@id\":\"https:\/\/odourlock.com\/de\/einzelhaendler-finden\/#primaryimage\"},\"image\":{\"@id\":\"https:\/\/odourlock.com\/de\/einzelhaendler-finden\/#primaryimage\"},\"thumbnailUrl\":\"https:\/\/odourlock.com\/wp-content\/uploads\/2024\/06\/fressnapf-logo-300x300.png\",\"datePublished\":\"2023-02-13T14:42:15+00:00\",\"dateModified\":\"2024-06-28T18:12:53+00:00\",\"description\":\"Wo Sie OdourLock kaufen k\u00f6nnen. Finden Sie einen Einzelh\u00e4ndler f\u00fcr OdourLock-Streu.\",\"breadcrumb\":{\"@id\":\"https:\/\/odourlock.com\/de\/einzelhaendler-finden\/#breadcrumb\"},\"inLanguage\":\"de\",\"potentialAction\":[{\"@type\":\"ReadAction\",\"target\":[\"https:\/\/odourlock.com\/de\/einzelhaendler-finden\/\"]}]},{\"@type\":\"ImageObject\",\"inLanguage\":\"de\",\"@id\":\"https:\/\/odourlock.com\/de\/einzelhaendler-finden\/#primaryimage\",\"url\":\"https:\/\/odourlock.com\/wp-content\/uploads\/2024\/06\/fressnapf-logo-300x300.png\",\"contentUrl\":\"https:\/\/odourlock.com\/wp-content\/uploads\/2024\/06\/fressnapf-logo-300x300.png\"},{\"@type\":\"BreadcrumbList\",\"@id\":\"https:\/\/odourlock.com\/de\/einzelhaendler-finden\/#breadcrumb\",\"itemListElement\":[{\"@type\":\"ListItem\",\"position\":1,\"name\":\"Home\",\"item\":\"https:\/\/odourlock.com\/de\/\"},{\"@type\":\"ListItem\",\"position\":2,\"name\":\"Einzelh\u00e4ndler finden\"}]},{\"@type\":\"WebSite\",\"@id\":\"https:\/\/odourlock.com\/de\/en-us\/#website\",\"url\":\"https:\/\/odourlock.com\/de\/en-us\/\",\"name\":\"Odourlock\",\"description\":\"OdourLock litter is made of a 100% pure natural clay, sodium bentonite. This mineral essential to our exclusive formula comes directly from Wyoming mines.\",\"publisher\":{\"@id\":\"https:\/\/odourlock.com\/de\/en-us\/#organization\"},\"potentialAction\":[{\"@type\":\"SearchAction\",\"target\":{\"@type\":\"EntryPoint\",\"urlTemplate\":\"https:\/\/odourlock.com\/de\/en-us\/?s={search_term_string}\"},\"query-input\":{\"@type\":\"PropertyValueSpecification\",\"valueRequired\":true,\"valueName\":\"search_term_string\"}}],\"inLanguage\":\"de\"},{\"@type\":\"Organization\",\"@id\":\"https:\/\/odourlock.com\/de\/en-us\/#organization\",\"name\":\"Odourlock\",\"url\":\"https:\/\/odourlock.com\/de\/en-us\/\",\"logo\":{\"@type\":\"ImageObject\",\"inLanguage\":\"de\",\"@id\":\"https:\/\/odourlock.com\/de\/en-us\/#\/schema\/logo\/image\/\",\"url\":\"https:\/\/odourlock.com\/wp-content\/uploads\/2023\/03\/OdourLock_Lifestyle16_jpg.jpg\",\"contentUrl\":\"https:\/\/odourlock.com\/wp-content\/uploads\/2023\/03\/OdourLock_Lifestyle16_jpg.jpg\",\"width\":1504,\"height\":1004,\"caption\":\"Odourlock\"},\"image\":{\"@id\":\"https:\/\/odourlock.com\/de\/en-us\/#\/schema\/logo\/image\/\"},\"sameAs\":[\"https:\/\/www.facebook.com\/odourlocklitter\",\"https:\/\/www.instagram.com\/odourlocklitter\/\"]}]}<\/script>\n<!-- \/ Yoast SEO plugin. -->","yoast_head_json":{"title":"Einzelh\u00e4ndler finden | Odourlock","description":"Wo Sie OdourLock kaufen k\u00f6nnen. Finden Sie einen Einzelh\u00e4ndler f\u00fcr OdourLock-Streu.","robots":{"index":"index","follow":"follow","max-snippet":"max-snippet:-1","max-image-preview":"max-image-preview:large","max-video-preview":"max-video-preview:-1"},"canonical":"https:\/\/odourlock.com\/de\/einzelhaendler-finden\/","og_locale":"de_DE","og_type":"article","og_title":"Einzelh\u00e4ndler finden | Odourlock","og_description":"Wo Sie OdourLock kaufen k\u00f6nnen. Finden Sie einen Einzelh\u00e4ndler f\u00fcr OdourLock-Streu.","og_url":"https:\/\/odourlock.com\/de\/einzelhaendler-finden\/","og_site_name":"Odourlock","article_publisher":"https:\/\/www.facebook.com\/odourlocklitter","article_modified_time":"2024-06-28T18:12:53+00:00","og_image":[{"url":"https:\/\/odourlock.com\/wp-content\/uploads\/2024\/06\/fressnapf-logo-300x300.png","type":"","width":"","height":""}],"twitter_card":"summary_large_image","twitter_misc":{"Gesch\u00e4tzte Lesezeit":"1\u00a0Minute"},"schema":{"@context":"https:\/\/schema.org","@graph":[{"@type":"WebPage","@id":"https:\/\/odourlock.com\/de\/einzelhaendler-finden\/","url":"https:\/\/odourlock.com\/de\/einzelhaendler-finden\/","name":"Einzelh\u00e4ndler finden | Odourlock","isPartOf":{"@id":"https:\/\/odourlock.com\/de\/en-us\/#website"},"primaryImageOfPage":{"@id":"https:\/\/odourlock.com\/de\/einzelhaendler-finden\/#primaryimage"},"image":{"@id":"https:\/\/odourlock.com\/de\/einzelhaendler-finden\/#primaryimage"},"thumbnailUrl":"https:\/\/odourlock.com\/wp-content\/uploads\/2024\/06\/fressnapf-logo-300x300.png","datePublished":"2023-02-13T14:42:15+00:00","dateModified":"2024-06-28T18:12:53+00:00","description":"Wo Sie OdourLock kaufen k\u00f6nnen. Finden Sie einen Einzelh\u00e4ndler f\u00fcr OdourLock-Streu.","breadcrumb":{"@id":"https:\/\/odourlock.com\/de\/einzelhaendler-finden\/#breadcrumb"},"inLanguage":"de","potentialAction":[{"@type":"ReadAction","target":["https:\/\/odourlock.com\/de\/einzelhaendler-finden\/"]}]},{"@type":"ImageObject","inLanguage":"de","@id":"https:\/\/odourlock.com\/de\/einzelhaendler-finden\/#primaryimage","url":"https:\/\/odourlock.com\/wp-content\/uploads\/2024\/06\/fressnapf-logo-300x300.png","contentUrl":"https:\/\/odourlock.com\/wp-content\/uploads\/2024\/06\/fressnapf-logo-300x300.png"},{"@type":"BreadcrumbList","@id":"https:\/\/odourlock.com\/de\/einzelhaendler-finden\/#breadcrumb","itemListElement":[{"@type":"ListItem","position":1,"name":"Home","item":"https:\/\/odourlock.com\/de\/"},{"@type":"ListItem","position":2,"name":"Einzelh\u00e4ndler finden"}]},{"@type":"WebSite","@id":"https:\/\/odourlock.com\/de\/en-us\/#website","url":"https:\/\/odourlock.com\/de\/en-us\/","name":"Odourlock","description":"OdourLock litter is made of a 100% pure natural clay, sodium bentonite. This mineral essential to our exclusive formula comes directly from Wyoming mines.","publisher":{"@id":"https:\/\/odourlock.com\/de\/en-us\/#organization"},"potentialAction":[{"@type":"SearchAction","target":{"@type":"EntryPoint","urlTemplate":"https:\/\/odourlock.com\/de\/en-us\/?s={search_term_string}"},"query-input":{"@type":"PropertyValueSpecification","valueRequired":true,"valueName":"search_term_string"}}],"inLanguage":"de"},{"@type":"Organization","@id":"https:\/\/odourlock.com\/de\/en-us\/#organization","name":"Odourlock","url":"https:\/\/odourlock.com\/de\/en-us\/","logo":{"@type":"ImageObject","inLanguage":"de","@id":"https:\/\/odourlock.com\/de\/en-us\/#\/schema\/logo\/image\/","url":"https:\/\/odourlock.com\/wp-content\/uploads\/2023\/03\/OdourLock_Lifestyle16_jpg.jpg","contentUrl":"https:\/\/odourlock.com\/wp-content\/uploads\/2023\/03\/OdourLock_Lifestyle16_jpg.jpg","width":1504,"height":1004,"caption":"Odourlock"},"image":{"@id":"https:\/\/odourlock.com\/de\/en-us\/#\/schema\/logo\/image\/"},"sameAs":["https:\/\/www.facebook.com\/odourlocklitter","https:\/\/www.instagram.com\/odourlocklitter\/"]}]}},"_links":{"self":[{"href":"https:\/\/odourlock.com\/de\/wp-json\/wp\/v2\/pages\/30663","targetHints":{"allow":["GET"]}}],"collection":[{"href":"https:\/\/odourlock.com\/de\/wp-json\/wp\/v2\/pages"}],"about":[{"href":"https:\/\/odourlock.com\/de\/wp-json\/wp\/v2\/types\/page"}],"author":[{"embeddable":true,"href":"https:\/\/odourlock.com\/de\/wp-json\/wp\/v2\/users\/1"}],"replies":[{"embeddable":true,"href":"https:\/\/odourlock.com\/de\/wp-json\/wp\/v2\/comments?post=30663"}],"version-history":[{"count":37,"href":"https:\/\/odourlock.com\/de\/wp-json\/wp\/v2\/pages\/30663\/revisions"}],"predecessor-version":[{"id":30868,"href":"https:\/\/odourlock.com\/de\/wp-json\/wp\/v2\/pages\/30663\/revisions\/30868"}],"wp:attachment":[{"href":"https:\/\/odourlock.com\/de\/wp-json\/wp\/v2\/media?parent=30663"}],"curies":[{"name":"wp","href":"https:\/\/api.w.org\/{rel}","templated":true}]}}